{"id":53,"date":"2018-04-08T14:05:27","date_gmt":"2018-04-08T14:05:27","guid":{"rendered":"https:\/\/birlikipambalaj.com\/?page_id=53"},"modified":"2018-04-11T19:26:50","modified_gmt":"2018-04-11T19:26:50","slug":"iletisim","status":"publish","type":"page","link":"https:\/\/birlikipambalaj.com\/?page_id=53","title":{"rendered":"Bize Ula\u015f\u0131n"},"content":{"rendered":"<p><head>\n   <link rel=\"stylesheet\" href=\"https:\/\/maxcdn.bootstrapcdn.com\/bootstrap\/3.3.7\/css\/bootstrap.min.css\">\n   <script src=\"https:\/\/ajax.googleapis.com\/ajax\/libs\/jquery\/3.3.1\/jquery.min.js\"><\/script><br \/>\n   <script src=\"https:\/\/maxcdn.bootstrapcdn.com\/bootstrap\/3.3.7\/js\/bootstrap.min.js\"><\/script><\/p>\n<div class=\"container-fluid\">\n<div class=\"box-container\">\n<div class=\"box\">\n<div class=\"col-sm-8\" id=\"googleMap\" style=\"height: 450px;\"><\/div>\n<div class=\"col-sm-4\" id=\"adres\" style=\"height: 450px;\">\n<h3><u>\u015eirket:<\/u><\/h3>\n<dl>\n<dt>\u00dcnvan\u0131<\/dt>\n<dd>Birlik Plastik \u0130p G\u0131da San. T\u0130C. LTD. \u015eT\u0130.<\/dd>\n<p><\/p>\n<dt>Telefon<\/dt>\n<p>                        <a href=\"callto:+902126593657\">0212 659 36 57<\/a><br \/>\n                        <a href=\"callto:+902126599450\">0212 659 94 50<\/a><\/p>\n<dt>Fax<\/dt>\n<dd>0212 659 72 45<\/dd>\n<p><\/p>\n<dt>Elektronik Posta Adresi<\/dt>\n<p>                        <a href=\"mailto:info@birlikip.com\">info@birlikip.com<\/a><\/p>\n<dt>Adres<\/dt>\n<dd>\u0130sto\u00e7 Ticaret Merkezi 6. Ada No: 30 Ba\u011fc\u0131lar\/\u0130stanbul<\/dd>\n<p>                         <a href=\"https:\/\/www.google.com\/maps\/place\/41%C2%B003'55.1%22N+28%C2%B049'35.6%22E\/@41.065295,28.8243573,17z\" class=\"btn btn-info\" role=\"button\"> <span class=\"glyphicon glyphicon-road\"><\/span> Navigasyon<\/a>\n                     <\/dl>\n<\/p><\/div>\n<\/p><\/div>\n<\/p><\/div>\n<\/p><\/div>\n<p>   <script>\n      var marker;\n      function myMap() {\n      var mapProp= {\n          center:new google.maps.LatLng(41.065295, 28.826546),\n          zoom:19,\n      };\n      var map=new google.maps.Map(document.getElementById(\"googleMap\"),mapProp);\n      var infowindow = new google.maps.InfoWindow({content: \"<b>B\u0130RL\u0130K PLAST\u0130K \u0130P GIDA SAN. T\u0130C. LTD. \u015eT\u0130<\/b>\"});\n      marker = new google.maps.Marker({\n                map: map,\n                title: 'B\u0130RL\u0130K PLAST\u0130K \u0130P GIDA SAN. T\u0130C. LTD. \u015eT\u0130',\n                position: {lat: 41.065295, lng: 28.826546}\n              });\n      marker.addListener('click', function() {infowindow.open(map, marker);});\n      }\n   <\/script><br \/>\n   <script src=\"https:\/\/maps.googleapis.com\/maps\/api\/js?key=AIzaSyAP-5pyAFDLwXQ11lPeYBFXRsM3OeN__Q8&#038;callback=myMap\"><\/script><\/p>\n","protected":false},"excerpt":{"rendered":"<p>\u015eirket: \u00dcnvan\u0131 Birlik Plastik \u0130p G\u0131da San. T\u0130C. LTD. \u015eT\u0130. Telefon 0212 659 36 57 0212 659 94 50 Fax 0212 659 72 45 Elektronik Posta Adresi info@birlikip.com Adres \u0130sto\u00e7 Ticaret Merkezi 6. Ada No: 30 Ba\u011fc\u0131lar\/\u0130stanbul Navigasyon<\/p>\n","protected":false},"author":1,"featured_media":0,"parent":0,"menu_order":3,"comment_status":"closed","ping_status":"closed","template":"","meta":[],"_links":{"self":[{"href":"https:\/\/birlikipambalaj.com\/index.php?rest_route=\/wp\/v2\/pages\/53"}],"collection":[{"href":"https:\/\/birlikipambalaj.com\/index.php?rest_route=\/wp\/v2\/pages"}],"about":[{"href":"https:\/\/birlikipambalaj.com\/index.php?rest_route=\/wp\/v2\/types\/page"}],"author":[{"embeddable":true,"href":"https:\/\/birlikipambalaj.com\/index.php?rest_route=\/wp\/v2\/users\/1"}],"replies":[{"embeddable":true,"href":"https:\/\/birlikipambalaj.com\/index.php?rest_route=%2Fwp%2Fv2%2Fcomments&post=53"}],"version-history":[{"count":123,"href":"https:\/\/birlikipambalaj.com\/index.php?rest_route=\/wp\/v2\/pages\/53\/revisions"}],"predecessor-version":[{"id":334,"href":"https:\/\/birlikipambalaj.com\/index.php?rest_route=\/wp\/v2\/pages\/53\/revisions\/334"}],"wp:attachment":[{"href":"https:\/\/birlikipambalaj.com\/index.php?rest_route=%2Fwp%2Fv2%2Fmedia&parent=53"}],"curies":[{"name":"wp","href":"https:\/\/api.w.org\/{rel}","templated":true}]}}