{"id":52,"date":"2018-04-08T14:00:11","date_gmt":"2018-04-08T14:00:11","guid":{"rendered":"https:\/\/birlikipambalaj.com\/?post_type=product&#038;p=52"},"modified":"2018-04-13T12:44:44","modified_gmt":"2018-04-13T12:44:44","slug":"ambalaj-ipi","status":"publish","type":"product","link":"https:\/\/birlikipambalaj.com\/?product=ambalaj-ipi","title":{"rendered":"Ambalaj \u0130pi"},"content":{"rendered":"","protected":false},"excerpt":{"rendered":"<p>KOD: 101 AMBALAJ \u0130P\u0130<br \/>\nA\u011f\u0131rl\u0131k: 2.20 gram<br \/>\nUzunluk: 455 metre\/kg<br \/>\nKopma Mukavemeti: 80 kg<br \/>\nStandart 2 kilograml\u0131k ambalajlardad\u0131r.<\/p>\n","protected":false},"featured_media":391,"template":"","meta":[],"product_cat":[16,19],"product_tag":[],"_links":{"self":[{"href":"https:\/\/birlikipambalaj.com\/index.php?rest_route=\/wp\/v2\/product\/52"}],"collection":[{"href":"https:\/\/birlikipambalaj.com\/index.php?rest_route=\/wp\/v2\/product"}],"about":[{"href":"https:\/\/birlikipambalaj.com\/index.php?rest_route=\/wp\/v2\/types\/product"}],"wp:featuredmedia":[{"embeddable":true,"href":"https:\/\/birlikipambalaj.com\/index.php?rest_route=\/wp\/v2\/media\/391"}],"wp:attachment":[{"href":"https:\/\/birlikipambalaj.com\/index.php?rest_route=%2Fwp%2Fv2%2Fmedia&parent=52"}],"wp:term":[{"taxonomy":"product_cat","embeddable":true,"href":"https:\/\/birlikipambalaj.com\/index.php?rest_route=%2Fwp%2Fv2%2Fproduct_cat&post=52"},{"taxonomy":"product_tag","embeddable":true,"href":"https:\/\/birlikipambalaj.com\/index.php?rest_route=%2Fwp%2Fv2%2Fproduct_tag&post=52"}],"curies":[{"name":"wp","href":"https:\/\/api.w.org\/{rel}","templated":true}]}}