{"id":55,"date":"2018-04-08T14:01:34","date_gmt":"2018-04-08T14:01:34","guid":{"rendered":"https:\/\/birlikipambalaj.com\/?post_type=product&#038;p=55"},"modified":"2018-04-13T12:44:28","modified_gmt":"2018-04-13T12:44:28","slug":"baglama-ipi","status":"publish","type":"product","link":"https:\/\/birlikipambalaj.com\/?product=baglama-ipi","title":{"rendered":"Ba\u011flama \u0130pi"},"content":{"rendered":"","protected":false},"excerpt":{"rendered":"<p>KOD: 102 BA\u011eLAMA \u0130P\u0130<br \/>\nA\u011f\u0131rl\u0131k: 1.55 gr<br \/>\nUzunluk: 645 metre\/kg<br \/>\nKopma Mukavemeti: 60 kg<\/p>\n","protected":false},"featured_media":372,"template":"","meta":[],"product_cat":[19],"product_tag":[],"_links":{"self":[{"href":"https:\/\/birlikipambalaj.com\/index.php?rest_route=\/wp\/v2\/product\/55"}],"collection":[{"href":"https:\/\/birlikipambalaj.com\/index.php?rest_route=\/wp\/v2\/product"}],"about":[{"href":"https:\/\/birlikipambalaj.com\/index.php?rest_route=\/wp\/v2\/types\/product"}],"wp:featuredmedia":[{"embeddable":true,"href":"https:\/\/birlikipambalaj.com\/index.php?rest_route=\/wp\/v2\/media\/372"}],"wp:attachment":[{"href":"https:\/\/birlikipambalaj.com\/index.php?rest_route=%2Fwp%2Fv2%2Fmedia&parent=55"}],"wp:term":[{"taxonomy":"product_cat","embeddable":true,"href":"https:\/\/birlikipambalaj.com\/index.php?rest_route=%2Fwp%2Fv2%2Fproduct_cat&post=55"},{"taxonomy":"product_tag","embeddable":true,"href":"https:\/\/birlikipambalaj.com\/index.php?rest_route=%2Fwp%2Fv2%2Fproduct_tag&post=55"}],"curies":[{"name":"wp","href":"https:\/\/api.w.org\/{rel}","templated":true}]}}