{"id":56,"date":"2018-04-08T14:01:50","date_gmt":"2018-04-08T14:01:50","guid":{"rendered":"https:\/\/birlikipambalaj.com\/?post_type=product&#038;p=56"},"modified":"2018-04-13T12:45:04","modified_gmt":"2018-04-13T12:45:04","slug":"paket-ipi","status":"publish","type":"product","link":"https:\/\/birlikipambalaj.com\/?product=paket-ipi","title":{"rendered":"Paket \u0130pi"},"content":{"rendered":"","protected":false},"excerpt":{"rendered":"<p>KOD: 108 PAKET \u0130P\u0130<br \/>\nBeyaz, Sar\u0131, Mavi, Ye\u015fil, K\u0131rm\u0131z\u0131 ve Siyah renklerdedir.<br \/>\nA\u011f\u0131rl\u0131k: 0.55 gr<br \/>\nUzunluk: 1800 metre\/kg<br \/>\nKopma Mukavemeti: 20 kg<\/p>\n","protected":false},"featured_media":375,"template":"","meta":[],"product_cat":[19],"product_tag":[],"_links":{"self":[{"href":"https:\/\/birlikipambalaj.com\/index.php?rest_route=\/wp\/v2\/product\/56"}],"collection":[{"href":"https:\/\/birlikipambalaj.com\/index.php?rest_route=\/wp\/v2\/product"}],"about":[{"href":"https:\/\/birlikipambalaj.com\/index.php?rest_route=\/wp\/v2\/types\/product"}],"wp:featuredmedia":[{"embeddable":true,"href":"https:\/\/birlikipambalaj.com\/index.php?rest_route=\/wp\/v2\/media\/375"}],"wp:attachment":[{"href":"https:\/\/birlikipambalaj.com\/index.php?rest_route=%2Fwp%2Fv2%2Fmedia&parent=56"}],"wp:term":[{"taxonomy":"product_cat","embeddable":true,"href":"https:\/\/birlikipambalaj.com\/index.php?rest_route=%2Fwp%2Fv2%2Fproduct_cat&post=56"},{"taxonomy":"product_tag","embeddable":true,"href":"https:\/\/birlikipambalaj.com\/index.php?rest_route=%2Fwp%2Fv2%2Fproduct_tag&post=56"}],"curies":[{"name":"wp","href":"https:\/\/api.w.org\/{rel}","templated":true}]}}