{"id":57,"date":"2018-04-08T14:02:07","date_gmt":"2018-04-08T14:02:07","guid":{"rendered":"https:\/\/birlikipambalaj.com\/?post_type=product&#038;p=57"},"modified":"2021-02-26T15:42:03","modified_gmt":"2021-02-26T15:42:03","slug":"camasir-ipi","status":"publish","type":"product","link":"https:\/\/birlikipambalaj.com\/?product=camasir-ipi","title":{"rendered":"\u00c7ama\u015f\u0131r \u0130pi"},"content":{"rendered":"","protected":false},"excerpt":{"rendered":"<table>\n<thead>\n<tr>\n<th>KALINLIK<\/th>\n<th>A\u011eIRLIK (1 Metre)<\/th>\n<th>KOPMA MUKAVEMET\u0130<\/th>\n<\/tr>\n<\/thead>\n<tbody>\n<tr>\n<td>2,5 mm<\/td>\n<td>2.90 gr.<\/td>\n<td>80 Kg<\/td>\n<\/tr>\n<tr>\n<td>3 mm<\/td>\n<td>4.74 gr.<\/td>\n<td>150 Kg<\/td>\n<\/tr>\n<tr>\n<td>3,5 mm<\/td>\n<td>6.01 gr.<\/td>\n<td>200 Kg<\/td>\n<\/tr>\n<tr>\n<td>4 mm<\/td>\n<td>8.30 gr.<\/td>\n<td>260 Kg<\/td>\n<\/tr>\n<tr>\n<td>5 mm<\/td>\n<td>12.70 gr.<\/td>\n<td>360 Kg<\/td>\n<\/tr>\n<tr>\n<td>6 mm<\/td>\n<td>16.68 gr.<\/td>\n<td>550 Kg<\/td>\n<\/tr>\n<\/tbody>\n<\/table>\n<p>&nbsp;<\/p>\n<p>&nbsp;<\/p>\n","protected":false},"featured_media":392,"template":"","meta":[],"product_cat":[19],"product_tag":[],"_links":{"self":[{"href":"https:\/\/birlikipambalaj.com\/index.php?rest_route=\/wp\/v2\/product\/57"}],"collection":[{"href":"https:\/\/birlikipambalaj.com\/index.php?rest_route=\/wp\/v2\/product"}],"about":[{"href":"https:\/\/birlikipambalaj.com\/index.php?rest_route=\/wp\/v2\/types\/product"}],"wp:featuredmedia":[{"embeddable":true,"href":"https:\/\/birlikipambalaj.com\/index.php?rest_route=\/wp\/v2\/media\/392"}],"wp:attachment":[{"href":"https:\/\/birlikipambalaj.com\/index.php?rest_route=%2Fwp%2Fv2%2Fmedia&parent=57"}],"wp:term":[{"taxonomy":"product_cat","embeddable":true,"href":"https:\/\/birlikipambalaj.com\/index.php?rest_route=%2Fwp%2Fv2%2Fproduct_cat&post=57"},{"taxonomy":"product_tag","embeddable":true,"href":"https:\/\/birlikipambalaj.com\/index.php?rest_route=%2Fwp%2Fv2%2Fproduct_tag&post=57"}],"curies":[{"name":"wp","href":"https:\/\/api.w.org\/{rel}","templated":true}]}}