{"id":64,"date":"2018-04-08T14:05:34","date_gmt":"2018-04-08T14:05:34","guid":{"rendered":"https:\/\/birlikipambalaj.com\/?post_type=product&#038;p=64"},"modified":"2018-04-13T12:41:38","modified_gmt":"2018-04-13T12:41:38","slug":"kinnap-2-1","status":"publish","type":"product","link":"https:\/\/birlikipambalaj.com\/?product=kinnap-2-1","title":{"rendered":"Kendir \u0130p 2\/1"},"content":{"rendered":"","protected":false},"excerpt":{"rendered":"<p>KOD: 112B KEND\u0130R \u0130P 2\/1<br \/>\n400 graml\u0131k bobinler halinde pakette 6 adettir. MUMLU<br \/>\nA\u011f\u0131rl\u0131k: 2.70 gram\/mt<br \/>\nUzunluk: 370 metre\/kg<\/p>\n","protected":false},"featured_media":378,"template":"","meta":[],"product_cat":[21],"product_tag":[],"_links":{"self":[{"href":"https:\/\/birlikipambalaj.com\/index.php?rest_route=\/wp\/v2\/product\/64"}],"collection":[{"href":"https:\/\/birlikipambalaj.com\/index.php?rest_route=\/wp\/v2\/product"}],"about":[{"href":"https:\/\/birlikipambalaj.com\/index.php?rest_route=\/wp\/v2\/types\/product"}],"wp:featuredmedia":[{"embeddable":true,"href":"https:\/\/birlikipambalaj.com\/index.php?rest_route=\/wp\/v2\/media\/378"}],"wp:attachment":[{"href":"https:\/\/birlikipambalaj.com\/index.php?rest_route=%2Fwp%2Fv2%2Fmedia&parent=64"}],"wp:term":[{"taxonomy":"product_cat","embeddable":true,"href":"https:\/\/birlikipambalaj.com\/index.php?rest_route=%2Fwp%2Fv2%2Fproduct_cat&post=64"},{"taxonomy":"product_tag","embeddable":true,"href":"https:\/\/birlikipambalaj.com\/index.php?rest_route=%2Fwp%2Fv2%2Fproduct_tag&post=64"}],"curies":[{"name":"wp","href":"https:\/\/api.w.org\/{rel}","templated":true}]}}