{"id":75,"date":"2018-04-08T14:11:42","date_gmt":"2018-04-08T14:11:42","guid":{"rendered":"https:\/\/birlikipambalaj.com\/?post_type=product&#038;p=75"},"modified":"2021-02-08T11:21:50","modified_gmt":"2021-02-08T11:21:50","slug":"koruyucu-ortu","status":"publish","type":"product","link":"https:\/\/birlikipambalaj.com\/?product=koruyucu-ortu","title":{"rendered":"Koruyucu \u00d6rt\u00fc"},"content":{"rendered":"","protected":false},"excerpt":{"rendered":"<table>\n<thead>\n<tr>\n<th>EBAT<\/th>\n<th>C\u0130NS<\/th>\n<\/tr>\n<\/thead>\n<tbody>\n<tr>\n<td>2,5 MT * 4 MT<\/td>\n<td>\u0130NCE<\/td>\n<\/tr>\n<tr>\n<td>4 MT * 5 MT<\/td>\n<td>\u0130NCE<\/td>\n<\/tr>\n<tr>\n<td>4 MT * 10 MT<\/td>\n<td>\u0130NCE<\/td>\n<\/tr>\n<tr>\n<td>4 MT * 12,5 MT<\/td>\n<td>\u0130NCE<\/td>\n<\/tr>\n<tr>\n<td>4 MT * 5 MT<\/td>\n<td>KALIN<\/td>\n<\/tr>\n<\/tbody>\n<\/table>\n<p>&nbsp;<\/p>\n<p>Badana ve boya i\u015flerinde kullan\u0131l\u0131r.<\/p>\n<p>&nbsp;<\/p>\n<p>&nbsp;<\/p>\n","protected":false},"featured_media":399,"template":"","meta":[],"product_cat":[23],"product_tag":[],"_links":{"self":[{"href":"https:\/\/birlikipambalaj.com\/index.php?rest_route=\/wp\/v2\/product\/75"}],"collection":[{"href":"https:\/\/birlikipambalaj.com\/index.php?rest_route=\/wp\/v2\/product"}],"about":[{"href":"https:\/\/birlikipambalaj.com\/index.php?rest_route=\/wp\/v2\/types\/product"}],"wp:featuredmedia":[{"embeddable":true,"href":"https:\/\/birlikipambalaj.com\/index.php?rest_route=\/wp\/v2\/media\/399"}],"wp:attachment":[{"href":"https:\/\/birlikipambalaj.com\/index.php?rest_route=%2Fwp%2Fv2%2Fmedia&parent=75"}],"wp:term":[{"taxonomy":"product_cat","embeddable":true,"href":"https:\/\/birlikipambalaj.com\/index.php?rest_route=%2Fwp%2Fv2%2Fproduct_cat&post=75"},{"taxonomy":"product_tag","embeddable":true,"href":"https:\/\/birlikipambalaj.com\/index.php?rest_route=%2Fwp%2Fv2%2Fproduct_tag&post=75"}],"curies":[{"name":"wp","href":"https:\/\/api.w.org\/{rel}","templated":true}]}}