{"id":76,"date":"2018-04-08T14:11:58","date_gmt":"2018-04-08T14:11:58","guid":{"rendered":"https:\/\/birlikipambalaj.com\/?post_type=product&#038;p=76"},"modified":"2021-02-08T11:24:38","modified_gmt":"2021-02-08T11:24:38","slug":"cop-torbasi","status":"publish","type":"product","link":"https:\/\/birlikipambalaj.com\/?product=cop-torbasi","title":{"rendered":"\u00c7\u00f6p Torbas\u0131"},"content":{"rendered":"","protected":false},"excerpt":{"rendered":"<table>\n<thead>\n<tr>\n<th>C\u0130NS<\/th>\n<th>EBAT<\/th>\n<\/tr>\n<\/thead>\n<tbody>\n<tr>\n<td>K\u00dc\u00c7\u00dcK<\/td>\n<td>44*45<\/td>\n<\/tr>\n<tr>\n<td>ORTA<\/td>\n<td>55*60<\/td>\n<\/tr>\n<tr>\n<td>B\u00dcY\u00dcK<\/td>\n<td>65*80<\/td>\n<\/tr>\n<tr>\n<td>BATTAL<\/td>\n<td>72*95<\/td>\n<\/tr>\n<tr>\n<td>JUMBO<\/td>\n<td>80*110<\/td>\n<\/tr>\n<tr>\n<td>HANTAL<\/td>\n<td>100*150<\/td>\n<\/tr>\n<\/tbody>\n<\/table>\n<p>&nbsp;<\/p>\n<p>&nbsp;<\/p>\n","protected":false},"featured_media":400,"template":"","meta":[],"product_cat":[23],"product_tag":[],"_links":{"self":[{"href":"https:\/\/birlikipambalaj.com\/index.php?rest_route=\/wp\/v2\/product\/76"}],"collection":[{"href":"https:\/\/birlikipambalaj.com\/index.php?rest_route=\/wp\/v2\/product"}],"about":[{"href":"https:\/\/birlikipambalaj.com\/index.php?rest_route=\/wp\/v2\/types\/product"}],"wp:featuredmedia":[{"embeddable":true,"href":"https:\/\/birlikipambalaj.com\/index.php?rest_route=\/wp\/v2\/media\/400"}],"wp:attachment":[{"href":"https:\/\/birlikipambalaj.com\/index.php?rest_route=%2Fwp%2Fv2%2Fmedia&parent=76"}],"wp:term":[{"taxonomy":"product_cat","embeddable":true,"href":"https:\/\/birlikipambalaj.com\/index.php?rest_route=%2Fwp%2Fv2%2Fproduct_cat&post=76"},{"taxonomy":"product_tag","embeddable":true,"href":"https:\/\/birlikipambalaj.com\/index.php?rest_route=%2Fwp%2Fv2%2Fproduct_tag&post=76"}],"curies":[{"name":"wp","href":"https:\/\/api.w.org\/{rel}","templated":true}]}}