{"id":77,"date":"2018-04-08T14:12:15","date_gmt":"2018-04-08T14:12:15","guid":{"rendered":"https:\/\/birlikipambalaj.com\/?post_type=product&#038;p=77"},"modified":"2021-02-08T11:14:51","modified_gmt":"2021-02-08T11:14:51","slug":"koli-bandi","status":"publish","type":"product","link":"https:\/\/birlikipambalaj.com\/?product=koli-bandi","title":{"rendered":"Koli Band\u0131"},"content":{"rendered":"","protected":false},"excerpt":{"rendered":"<table>\n<tbody>\n<tr>\n<th style=\"text-align: center;\"><b><u>EBAT<\/u><\/b><\/th>\n<th style=\"text-align: center;\"><b><u>YAPI\u015eTIRICI MAH\u0130YET\u0130<\/u><\/b><\/th>\n<th style=\"text-align: center;\"><b><u>T\u0130P\u0130<\/u><\/b><\/th>\n<\/tr>\n<tr>\n<td>45*100<\/td>\n<td>AKR\u0130L\u0130K<\/td>\n<td>\u015eEFFAF-KAHVE<\/td>\n<\/tr>\n<tr>\n<td>45*100<\/td>\n<td>HOLTMENT<\/td>\n<td>\u015eEFFAF-KAHVE<\/td>\n<\/tr>\n<tr>\n<td>45*100<\/td>\n<td>SOLVENT<\/td>\n<td>\u015eEFFAF-KAHVE<\/td>\n<\/tr>\n<\/tbody>\n<\/table>\n<p>&nbsp;<br \/>\n45*100 = 4,5 CM * 100 METRE<br \/>\n&nbsp;<\/p>\n<h2>MASKELEME BANDI (KA\u011eIT BANT)<\/h2>\n<p>5 CM * 35 METRE<\/p>\n<p>&nbsp;<\/p>\n<p>&nbsp;<\/p>\n","protected":false},"featured_media":393,"template":"","meta":[],"product_cat":[23],"product_tag":[],"_links":{"self":[{"href":"https:\/\/birlikipambalaj.com\/index.php?rest_route=\/wp\/v2\/product\/77"}],"collection":[{"href":"https:\/\/birlikipambalaj.com\/index.php?rest_route=\/wp\/v2\/product"}],"about":[{"href":"https:\/\/birlikipambalaj.com\/index.php?rest_route=\/wp\/v2\/types\/product"}],"wp:featuredmedia":[{"embeddable":true,"href":"https:\/\/birlikipambalaj.com\/index.php?rest_route=\/wp\/v2\/media\/393"}],"wp:attachment":[{"href":"https:\/\/birlikipambalaj.com\/index.php?rest_route=%2Fwp%2Fv2%2Fmedia&parent=77"}],"wp:term":[{"taxonomy":"product_cat","embeddable":true,"href":"https:\/\/birlikipambalaj.com\/index.php?rest_route=%2Fwp%2Fv2%2Fproduct_cat&post=77"},{"taxonomy":"product_tag","embeddable":true,"href":"https:\/\/birlikipambalaj.com\/index.php?rest_route=%2Fwp%2Fv2%2Fproduct_tag&post=77"}],"curies":[{"name":"wp","href":"https:\/\/api.w.org\/{rel}","templated":true}]}}