{"id":78,"date":"2018-04-08T14:13:05","date_gmt":"2018-04-08T14:13:05","guid":{"rendered":"https:\/\/birlikipambalaj.com\/?post_type=product&#038;p=78"},"modified":"2021-02-08T20:11:32","modified_gmt":"2021-02-08T20:11:32","slug":"siyah-poset","status":"publish","type":"product","link":"https:\/\/birlikipambalaj.com\/?product=siyah-poset","title":{"rendered":"Siyah Po\u015fet"},"content":{"rendered":"","protected":false},"excerpt":{"rendered":"<table>\n<thead>\n<tr>\n<th>EBAT<\/th>\n<th>C\u0130NS<\/th>\n<\/tr>\n<\/thead>\n<tbody>\n<tr>\n<td>K\u00dc\u00c7\u00dcK<\/td>\n<td>S\u0130YAH PO\u015eET<\/td>\n<\/tr>\n<tr>\n<td>ORTA<\/td>\n<td>S\u0130YAH PO\u015eET<\/td>\n<\/tr>\n<tr>\n<td>B\u00dcY\u00dcK<\/td>\n<td>S\u0130YAH PO\u015eET<\/td>\n<\/tr>\n<tr>\n<td>40*70<\/td>\n<td>S\u0130YAH PO\u015eET<\/td>\n<\/tr>\n<tr>\n<td>45*75<\/td>\n<td>S\u0130YAH PO\u015eET<\/td>\n<\/tr>\n<tr>\n<td>50*90<\/td>\n<td>S\u0130YAH PO\u015eET<\/td>\n<\/tr>\n<tr>\n<td>55*110<\/td>\n<td>S\u0130YAH PO\u015eET<\/td>\n<\/tr>\n<tr>\n<td>55*125<\/td>\n<td>S\u0130YAH PO\u015eET<\/td>\n<\/tr>\n<tr>\n<td>80*110<\/td>\n<td>S\u0130YAH <strong>\u00c7\u00d6P<\/strong> TORBASI<\/td>\n<\/tr>\n<tr>\n<td>90*135<\/td>\n<td>BALRENG\u0130 <strong>TOZ<\/strong> TORBASI<\/td>\n<\/tr>\n<tr>\n<td>100*170<\/td>\n<td>\u00c7UVAL \u0130\u00c7\u0130 S\u0130YAH TORBA<\/td>\n<\/tr>\n<tr>\n<td>120*170<\/td>\n<td>\u00c7UVAL \u0130\u00c7\u0130 S\u0130YAH TORBA<\/td>\n<\/tr>\n<tr>\n<td>150*200<\/td>\n<td>\u00c7UVAL \u0130\u00c7\u0130 S\u0130YAH TORBA<\/td>\n<\/tr>\n<\/tbody>\n<\/table>\n<p>&nbsp;<\/p>\n<p>Paketler <strong>25 KG<\/strong>&#8216;d\u0131r.<\/p>\n<p>&nbsp;<\/p>\n<p>&nbsp;<\/p>\n","protected":false},"featured_media":398,"template":"","meta":[],"product_cat":[26],"product_tag":[],"_links":{"self":[{"href":"https:\/\/birlikipambalaj.com\/index.php?rest_route=\/wp\/v2\/product\/78"}],"collection":[{"href":"https:\/\/birlikipambalaj.com\/index.php?rest_route=\/wp\/v2\/product"}],"about":[{"href":"https:\/\/birlikipambalaj.com\/index.php?rest_route=\/wp\/v2\/types\/product"}],"wp:featuredmedia":[{"embeddable":true,"href":"https:\/\/birlikipambalaj.com\/index.php?rest_route=\/wp\/v2\/media\/398"}],"wp:attachment":[{"href":"https:\/\/birlikipambalaj.com\/index.php?rest_route=%2Fwp%2Fv2%2Fmedia&parent=78"}],"wp:term":[{"taxonomy":"product_cat","embeddable":true,"href":"https:\/\/birlikipambalaj.com\/index.php?rest_route=%2Fwp%2Fv2%2Fproduct_cat&post=78"},{"taxonomy":"product_tag","embeddable":true,"href":"https:\/\/birlikipambalaj.com\/index.php?rest_route=%2Fwp%2Fv2%2Fproduct_tag&post=78"}],"curies":[{"name":"wp","href":"https:\/\/api.w.org\/{rel}","templated":true}]}}