{"id":81,"date":"2018-04-08T14:14:01","date_gmt":"2018-04-08T14:14:01","guid":{"rendered":"https:\/\/birlikipambalaj.com\/?post_type=product&#038;p=81"},"modified":"2021-02-26T15:51:14","modified_gmt":"2021-02-26T15:51:14","slug":"hisir-poset","status":"publish","type":"product","link":"https:\/\/birlikipambalaj.com\/?product=hisir-poset","title":{"rendered":"H\u0131s\u0131r Po\u015fet"},"content":{"rendered":"","protected":false},"excerpt":{"rendered":"<p>PAKET HI\u015eIR TORBA 250 Adet<br \/>\n\u2014\u2014\u2014\u2014\u2014\u2014\u2014<br \/>\nK\u00fc\u00e7\u00fck<br \/>\nOrta<br \/>\nB\u00fcy\u00fck<\/p>\n<p>EBATLI HI\u015eIR TORBA<br \/>\n\u2014\u2014\u2014\u2014\u2014\u2014\u2014\u2014<br \/>\n25&#215;40<br \/>\n28&#215;42<br \/>\n30&#215;50<br \/>\n40&#215;70<br \/>\n45&#215;75<br \/>\n50&#215;90<\/p>\n","protected":false},"featured_media":401,"template":"","meta":[],"product_cat":[26],"product_tag":[],"_links":{"self":[{"href":"https:\/\/birlikipambalaj.com\/index.php?rest_route=\/wp\/v2\/product\/81"}],"collection":[{"href":"https:\/\/birlikipambalaj.com\/index.php?rest_route=\/wp\/v2\/product"}],"about":[{"href":"https:\/\/birlikipambalaj.com\/index.php?rest_route=\/wp\/v2\/types\/product"}],"wp:featuredmedia":[{"embeddable":true,"href":"https:\/\/birlikipambalaj.com\/index.php?rest_route=\/wp\/v2\/media\/401"}],"wp:attachment":[{"href":"https:\/\/birlikipambalaj.com\/index.php?rest_route=%2Fwp%2Fv2%2Fmedia&parent=81"}],"wp:term":[{"taxonomy":"product_cat","embeddable":true,"href":"https:\/\/birlikipambalaj.com\/index.php?rest_route=%2Fwp%2Fv2%2Fproduct_cat&post=81"},{"taxonomy":"product_tag","embeddable":true,"href":"https:\/\/birlikipambalaj.com\/index.php?rest_route=%2Fwp%2Fv2%2Fproduct_tag&post=81"}],"curies":[{"name":"wp","href":"https:\/\/api.w.org\/{rel}","templated":true}]}}