{"id":82,"date":"2018-04-08T14:14:18","date_gmt":"2018-04-08T14:14:18","guid":{"rendered":"https:\/\/birlikipambalaj.com\/?post_type=product&#038;p=82"},"modified":"2021-02-08T19:09:16","modified_gmt":"2021-02-08T19:09:16","slug":"naylon-poset","status":"publish","type":"product","link":"https:\/\/birlikipambalaj.com\/?product=naylon-poset","title":{"rendered":"Naylon Torba"},"content":{"rendered":"","protected":false},"excerpt":{"rendered":"<table>\n<tbody>\n<tr>\n<td>10*20<\/td>\n<td>\u0130NCE ve 020 M\u0130KRON<\/td>\n<\/tr>\n<tr>\n<td>15*30<\/td>\n<td>\u0130NCE ve 020 M\u0130KRON<\/td>\n<\/tr>\n<tr>\n<td>20*30<\/td>\n<td>\u0130NCE ve 020 M\u0130KRON<\/td>\n<\/tr>\n<tr>\n<td>23*36<\/td>\n<td>\u0130NCE ve 020 M\u0130KRON<\/td>\n<\/tr>\n<tr>\n<td>25*40<\/td>\n<td>\u0130NCE ve 020 M\u0130KRON<\/td>\n<\/tr>\n<tr>\n<td>28*42<\/td>\n<td>\u0130NCE ve 020 M\u0130KRON<\/td>\n<\/tr>\n<tr>\n<td>30*50<\/td>\n<td>\u0130NCE ve 020 M\u0130KRON<\/td>\n<\/tr>\n<tr>\n<td>40*60<\/td>\n<td>\u0130NCE ve 020 M\u0130KRON<\/td>\n<\/tr>\n<tr>\n<td>45*75<\/td>\n<td>\u0130NCE ve 020 M\u0130KRON<\/td>\n<\/tr>\n<tr>\n<td>50*80<\/td>\n<td>\u0130NCE ve 020 M\u0130KRON<\/td>\n<\/tr>\n<tr>\n<td>60*90<\/td>\n<td>\u0130NCE ve 020 M\u0130KRON<\/td>\n<\/tr>\n<tr>\n<td>70*100<\/td>\n<td>\u0130NCE ve 020 M\u0130KRON<\/td>\n<\/tr>\n<tr>\n<td>70*120<\/td>\n<td>\u0130NCE ve 020 M\u0130KRON<\/td>\n<\/tr>\n<tr>\n<td>80*120<\/td>\n<td>\u0130NCE ve 020 M\u0130KRON<\/td>\n<\/tr>\n<tr>\n<td>90*135<\/td>\n<td>016 M\u0130KRON<\/td>\n<\/tr>\n<\/tbody>\n<\/table>\n<p>&nbsp;<\/p>\n<p>\u0130nce olarak 007 M\u0130KRON ila 008 M\u0130KRON, kal\u0131n olarak da 020 M\u0130KRON olarak haz\u0131rd\u0131r.<\/p>\n<p>Ayr\u0131ca istenilen ebatlarda en az <strong>50 KG<\/strong> olmak \u015fart\u0131yla \u00f6zel sipari\u015fler haz\u0131rlan\u0131r.<\/p>\n<p>&nbsp;<\/p>\n<p>&nbsp;<\/p>\n","protected":false},"featured_media":396,"template":"","meta":[],"product_cat":[26],"product_tag":[],"_links":{"self":[{"href":"https:\/\/birlikipambalaj.com\/index.php?rest_route=\/wp\/v2\/product\/82"}],"collection":[{"href":"https:\/\/birlikipambalaj.com\/index.php?rest_route=\/wp\/v2\/product"}],"about":[{"href":"https:\/\/birlikipambalaj.com\/index.php?rest_route=\/wp\/v2\/types\/product"}],"wp:featuredmedia":[{"embeddable":true,"href":"https:\/\/birlikipambalaj.com\/index.php?rest_route=\/wp\/v2\/media\/396"}],"wp:attachment":[{"href":"https:\/\/birlikipambalaj.com\/index.php?rest_route=%2Fwp%2Fv2%2Fmedia&parent=82"}],"wp:term":[{"taxonomy":"product_cat","embeddable":true,"href":"https:\/\/birlikipambalaj.com\/index.php?rest_route=%2Fwp%2Fv2%2Fproduct_cat&post=82"},{"taxonomy":"product_tag","embeddable":true,"href":"https:\/\/birlikipambalaj.com\/index.php?rest_route=%2Fwp%2Fv2%2Fproduct_tag&post=82"}],"curies":[{"name":"wp","href":"https:\/\/api.w.org\/{rel}","templated":true}]}}